{"id":28,"date":"2023-01-30T19:26:28","date_gmt":"2023-01-30T19:26:28","guid":{"rendered":"http:\/\/www.energymakers.pl\/index.php\/about-us\/"},"modified":"2024-12-08T16:28:31","modified_gmt":"2024-12-08T16:28:31","slug":"about-us","status":"publish","type":"page","link":"http:\/\/www.energymakers.pl\/index.php\/about-us\/","title":{"rendered":"About Us"},"content":{"rendered":"\t\t<div data-elementor-type=\"wp-page\" data-elementor-id=\"28\" class=\"elementor elementor-28\">\n\t\t\t\t\t\t\t\t\t<section class=\"elementor-section elementor-top-section elementor-element elementor-element-2e79bb67 elementor-section-height-min-height elementor-section-items-stretch elementor-section-content-middle elementor-reverse-tablet elementor-reverse-mobile elementor-section-boxed elementor-section-height-default\" data-id=\"2e79bb67\" data-element_type=\"section\">\n\t\t\t\t\t\t<div class=\"elementor-container elementor-column-gap-no\">\n\t\t\t\t\t<div class=\"elementor-column elementor-col-50 elementor-top-column elementor-element elementor-element-750bc263\" data-id=\"750bc263\" data-element_type=\"column\">\n\t\t\t<div class=\"elementor-widget-wrap elementor-element-populated\">\n\t\t\t\t\t\t\t\t<div class=\"elementor-element elementor-element-148039f9 elementor-widget elementor-widget-heading\" data-id=\"148039f9\" data-element_type=\"widget\" data-widget_type=\"heading.default\">\n\t\t\t\t<div class=\"elementor-widget-container\">\n\t\t\t<style>\/*! elementor - v3.10.2 - 29-01-2023 *\/\n.elementor-heading-title{padding:0;margin:0;line-height:1}.elementor-widget-heading .elementor-heading-title[class*=elementor-size-]>a{color:inherit;font-size:inherit;line-height:inherit}.elementor-widget-heading .elementor-heading-title.elementor-size-small{font-size:15px}.elementor-widget-heading .elementor-heading-title.elementor-size-medium{font-size:19px}.elementor-widget-heading .elementor-heading-title.elementor-size-large{font-size:29px}.elementor-widget-heading .elementor-heading-title.elementor-size-xl{font-size:39px}.elementor-widget-heading .elementor-heading-title.elementor-size-xxl{font-size:59px}<\/style><h1 class=\"elementor-heading-title elementor-size-default\">O nas<\/h1>\t\t<\/div>\n\t\t\t\t<\/div>\n\t\t\t\t<div class=\"elementor-element elementor-element-4f4bc018 elementor-widget elementor-widget-text-editor\" data-id=\"4f4bc018\" data-element_type=\"widget\" data-widget_type=\"text-editor.default\">\n\t\t\t\t<div class=\"elementor-widget-container\">\n\t\t\t<style>\/*! elementor - v3.10.2 - 29-01-2023 *\/\n.elementor-widget-text-editor.elementor-drop-cap-view-stacked .elementor-drop-cap{background-color:#818a91;color:#fff}.elementor-widget-text-editor.elementor-drop-cap-view-framed .elementor-drop-cap{color:#818a91;border:3px solid;background-color:transparent}.elementor-widget-text-editor:not(.elementor-drop-cap-view-default) .elementor-drop-cap{margin-top:8px}.elementor-widget-text-editor:not(.elementor-drop-cap-view-default) .elementor-drop-cap-letter{width:1em;height:1em}.elementor-widget-text-editor .elementor-drop-cap{float:left;text-align:center;line-height:1;font-size:50px}.elementor-widget-text-editor .elementor-drop-cap-letter{display:inline-block}<\/style>\t\t\t\t<p>Firma Energy Makers powsta\u0142a w 2020 roku jako odpowied\u017a na rosn\u0105ce zainteresowanie instalacjami OZE, chocia\u017c nasza przygoda zacz\u0119\u0142a si\u0119 du\u017co wcze\u015bniej&#8230;<\/p>\t\t\t\t\t\t<\/div>\n\t\t\t\t<\/div>\n\t\t\t\t\t<\/div>\n\t\t<\/div>\n\t\t\t\t<div class=\"elementor-column elementor-col-50 elementor-top-column elementor-element elementor-element-5d5c171\" data-id=\"5d5c171\" data-element_type=\"column\" data-settings=\"{&quot;background_background&quot;:&quot;classic&quot;}\">\n\t\t\t<div class=\"elementor-widget-wrap\">\n\t\t\t\t\t\t\t\t\t<\/div>\n\t\t<\/div>\n\t\t\t\t\t\t\t<\/div>\n\t\t<\/section>\n\t\t\t\t<section class=\"elementor-section elementor-top-section elementor-element elementor-element-52d7ac69 elementor-section-boxed elementor-section-height-default elementor-section-height-default\" data-id=\"52d7ac69\" data-element_type=\"section\">\n\t\t\t\t\t\t<div class=\"elementor-container elementor-column-gap-no\">\n\t\t\t\t\t<div class=\"elementor-column elementor-col-50 elementor-top-column elementor-element elementor-element-5bbfd1b1\" data-id=\"5bbfd1b1\" data-element_type=\"column\">\n\t\t\t<div class=\"elementor-widget-wrap elementor-element-populated\">\n\t\t\t\t\t\t\t\t<div class=\"elementor-element elementor-element-5f0620ed elementor-widget elementor-widget-image\" data-id=\"5f0620ed\" data-element_type=\"widget\" data-widget_type=\"image.default\">\n\t\t\t\t<div class=\"elementor-widget-container\">\n\t\t\t<style>\/*! elementor - v3.10.2 - 29-01-2023 *\/\n.elementor-widget-image{text-align:center}.elementor-widget-image a{display:inline-block}.elementor-widget-image a img[src$=\".svg\"]{width:48px}.elementor-widget-image img{vertical-align:middle;display:inline-block}<\/style>\t\t\t\t\t\t\t\t\t\t\t\t<img decoding=\"async\" width=\"1922\" height=\"2560\" src=\"http:\/\/www.energymakers.pl\/wp-content\/uploads\/2024\/12\/IMG_20240729_120253-scaled.jpg\" class=\"attachment-full size-full wp-image-372\" alt=\"\" loading=\"lazy\" srcset=\"http:\/\/www.energymakers.pl\/wp-content\/uploads\/2024\/12\/IMG_20240729_120253-scaled.jpg 1922w, http:\/\/www.energymakers.pl\/wp-content\/uploads\/2024\/12\/IMG_20240729_120253-225x300.jpg 225w, http:\/\/www.energymakers.pl\/wp-content\/uploads\/2024\/12\/IMG_20240729_120253-769x1024.jpg 769w, http:\/\/www.energymakers.pl\/wp-content\/uploads\/2024\/12\/IMG_20240729_120253-768x1023.jpg 768w, http:\/\/www.energymakers.pl\/wp-content\/uploads\/2024\/12\/IMG_20240729_120253-1153x1536.jpg 1153w, http:\/\/www.energymakers.pl\/wp-content\/uploads\/2024\/12\/IMG_20240729_120253-1538x2048.jpg 1538w, http:\/\/www.energymakers.pl\/wp-content\/uploads\/2024\/12\/IMG_20240729_120253-1568x2088.jpg 1568w\" sizes=\"(max-width: 1922px) 100vw, 1922px\" style=\"width:100%;height:133.19%;max-width:1922px\" \/>\t\t\t\t\t\t\t\t\t\t\t\t\t\t\t<\/div>\n\t\t\t\t<\/div>\n\t\t\t\t\t<\/div>\n\t\t<\/div>\n\t\t\t\t<div class=\"elementor-column elementor-col-50 elementor-top-column elementor-element elementor-element-3b43eb90\" data-id=\"3b43eb90\" data-element_type=\"column\">\n\t\t\t<div class=\"elementor-widget-wrap elementor-element-populated\">\n\t\t\t\t\t\t\t\t<section class=\"elementor-section elementor-inner-section elementor-element elementor-element-393ac1f2 elementor-section-full_width elementor-section-content-middle elementor-section-height-default elementor-section-height-default\" data-id=\"393ac1f2\" data-element_type=\"section\">\n\t\t\t\t\t\t<div class=\"elementor-container elementor-column-gap-no\">\n\t\t\t\t\t<div class=\"elementor-column elementor-col-50 elementor-inner-column elementor-element elementor-element-533a4b33\" data-id=\"533a4b33\" data-element_type=\"column\">\n\t\t\t<div class=\"elementor-widget-wrap elementor-element-populated\">\n\t\t\t\t\t\t\t\t<div class=\"elementor-element elementor-element-56c01198 elementor-widget elementor-widget-image\" data-id=\"56c01198\" data-element_type=\"widget\" data-widget_type=\"image.default\">\n\t\t\t\t<div class=\"elementor-widget-container\">\n\t\t\t\t\t\t\t\t\t\t\t\t\t\t\t<img decoding=\"async\" width=\"2560\" height=\"1922\" src=\"http:\/\/www.energymakers.pl\/wp-content\/uploads\/2024\/12\/IMG_20240702_145435-scaled.jpg\" class=\"attachment-full size-full wp-image-362\" alt=\"\" loading=\"lazy\" srcset=\"http:\/\/www.energymakers.pl\/wp-content\/uploads\/2024\/12\/IMG_20240702_145435-scaled.jpg 2560w, http:\/\/www.energymakers.pl\/wp-content\/uploads\/2024\/12\/IMG_20240702_145435-300x225.jpg 300w, http:\/\/www.energymakers.pl\/wp-content\/uploads\/2024\/12\/IMG_20240702_145435-1024x769.jpg 1024w, http:\/\/www.energymakers.pl\/wp-content\/uploads\/2024\/12\/IMG_20240702_145435-768x577.jpg 768w, http:\/\/www.energymakers.pl\/wp-content\/uploads\/2024\/12\/IMG_20240702_145435-1536x1153.jpg 1536w, http:\/\/www.energymakers.pl\/wp-content\/uploads\/2024\/12\/IMG_20240702_145435-2048x1538.jpg 2048w, http:\/\/www.energymakers.pl\/wp-content\/uploads\/2024\/12\/IMG_20240702_145435-1568x1177.jpg 1568w\" sizes=\"(max-width: 2560px) 100vw, 2560px\" style=\"width:100%;height:75.08%;max-width:2560px\" \/>\t\t\t\t\t\t\t\t\t\t\t\t\t\t\t<\/div>\n\t\t\t\t<\/div>\n\t\t\t\t\t<\/div>\n\t\t<\/div>\n\t\t\t\t<div class=\"elementor-column elementor-col-50 elementor-inner-column elementor-element elementor-element-2ee472e9\" data-id=\"2ee472e9\" data-element_type=\"column\">\n\t\t\t<div class=\"elementor-widget-wrap elementor-element-populated\">\n\t\t\t\t\t\t\t\t<div class=\"elementor-element elementor-element-30f80974 elementor-widget elementor-widget-heading\" data-id=\"30f80974\" data-element_type=\"widget\" data-widget_type=\"heading.default\">\n\t\t\t\t<div class=\"elementor-widget-container\">\n\t\t\t<h2 class=\"elementor-heading-title elementor-size-default\">Nasza misja<\/h2>\t\t<\/div>\n\t\t\t\t<\/div>\n\t\t\t\t<div class=\"elementor-element elementor-element-2e87f06b elementor-widget elementor-widget-text-editor\" data-id=\"2e87f06b\" data-element_type=\"widget\" data-widget_type=\"text-editor.default\">\n\t\t\t\t<div class=\"elementor-widget-container\">\n\t\t\t\t\t\t\t<p>D\u0105\u017cymy do zapewnienia komfortu mieszkania pocz\u0105wszy od instalacji elektrycznej poprzez ogrzewanie a\u017c po bezpiecze\u0144stwo i zdalne zarz\u0105dzanie budynkiem.<\/p>\t\t\t\t\t\t<\/div>\n\t\t\t\t<\/div>\n\t\t\t\t\t<\/div>\n\t\t<\/div>\n\t\t\t\t\t\t\t<\/div>\n\t\t<\/section>\n\t\t\t\t\t<\/div>\n\t\t<\/div>\n\t\t\t\t\t\t\t<\/div>\n\t\t<\/section>\n\t\t\t\t<section class=\"elementor-section elementor-top-section elementor-element elementor-element-2fc79325 elementor-section-boxed elementor-section-height-default elementor-section-height-default\" data-id=\"2fc79325\" data-element_type=\"section\">\n\t\t\t\t\t\t<div class=\"elementor-container elementor-column-gap-no\">\n\t\t\t\t\t<div class=\"elementor-column elementor-col-100 elementor-top-column elementor-element elementor-element-1b9de7\" data-id=\"1b9de7\" data-element_type=\"column\">\n\t\t\t<div class=\"elementor-widget-wrap elementor-element-populated\">\n\t\t\t\t\t\t\t\t<div class=\"elementor-element elementor-element-2425f019 elementor-widget elementor-widget-heading\" data-id=\"2425f019\" data-element_type=\"widget\" data-widget_type=\"heading.default\">\n\t\t\t\t<div class=\"elementor-widget-container\">\n\t\t\t<h2 class=\"elementor-heading-title elementor-size-default\">Our Team<\/h2>\t\t<\/div>\n\t\t\t\t<\/div>\n\t\t\t\t<section class=\"elementor-section elementor-inner-section elementor-element elementor-element-22ebac09 elementor-section-full_width elementor-section-height-default elementor-section-height-default\" data-id=\"22ebac09\" data-element_type=\"section\">\n\t\t\t\t\t\t<div class=\"elementor-container elementor-column-gap-no\">\n\t\t\t\t\t<div class=\"elementor-column elementor-col-50 elementor-inner-column elementor-element elementor-element-55f05342\" data-id=\"55f05342\" data-element_type=\"column\">\n\t\t\t<div class=\"elementor-widget-wrap elementor-element-populated\">\n\t\t\t\t\t\t\t\t<div class=\"elementor-element elementor-element-22497389 elementor-position-top elementor-vertical-align-top elementor-widget elementor-widget-image-box\" data-id=\"22497389\" data-element_type=\"widget\" data-widget_type=\"image-box.default\">\n\t\t\t\t<div class=\"elementor-widget-container\">\n\t\t\t<style>.elementor-widget-image-box .elementor-image-box-content{width:100%}@media (min-width:721px){.elementor-widget-image-box.elementor-position-left .elementor-image-box-wrapper,.elementor-widget-image-box.elementor-position-right .elementor-image-box-wrapper{display:flex}.elementor-widget-image-box.elementor-position-right .elementor-image-box-wrapper{text-align:right;flex-direction:row-reverse}.elementor-widget-image-box.elementor-position-left .elementor-image-box-wrapper{text-align:left;flex-direction:row}.elementor-widget-image-box.elementor-position-top .elementor-image-box-img{margin:auto}.elementor-widget-image-box.elementor-vertical-align-top .elementor-image-box-wrapper{align-items:flex-start}.elementor-widget-image-box.elementor-vertical-align-middle .elementor-image-box-wrapper{align-items:center}.elementor-widget-image-box.elementor-vertical-align-bottom .elementor-image-box-wrapper{align-items:flex-end}}@media (max-width:720px){.elementor-widget-image-box .elementor-image-box-img{margin-left:auto!important;margin-right:auto!important;margin-bottom:15px}}.elementor-widget-image-box .elementor-image-box-img{display:inline-block}.elementor-widget-image-box .elementor-image-box-title a{color:inherit}.elementor-widget-image-box .elementor-image-box-wrapper{text-align:center}.elementor-widget-image-box .elementor-image-box-description{margin:0}<\/style><div class=\"elementor-image-box-wrapper\"><figure class=\"elementor-image-box-img\"><img decoding=\"async\" width=\"2560\" height=\"1922\" src=\"http:\/\/www.energymakers.pl\/wp-content\/uploads\/2024\/12\/IMG_20240411_103137-scaled.jpg\" class=\"elementor-animation-grow attachment-full size-full wp-image-366\" alt=\"\" loading=\"lazy\" style=\"width:100%;height:75.08%;max-width:2560px\" srcset=\"http:\/\/www.energymakers.pl\/wp-content\/uploads\/2024\/12\/IMG_20240411_103137-scaled.jpg 2560w, http:\/\/www.energymakers.pl\/wp-content\/uploads\/2024\/12\/IMG_20240411_103137-300x225.jpg 300w, http:\/\/www.energymakers.pl\/wp-content\/uploads\/2024\/12\/IMG_20240411_103137-1024x769.jpg 1024w, http:\/\/www.energymakers.pl\/wp-content\/uploads\/2024\/12\/IMG_20240411_103137-768x577.jpg 768w, http:\/\/www.energymakers.pl\/wp-content\/uploads\/2024\/12\/IMG_20240411_103137-1536x1153.jpg 1536w, http:\/\/www.energymakers.pl\/wp-content\/uploads\/2024\/12\/IMG_20240411_103137-2048x1538.jpg 2048w, http:\/\/www.energymakers.pl\/wp-content\/uploads\/2024\/12\/IMG_20240411_103137-1568x1177.jpg 1568w\" sizes=\"(max-width: 2560px) 100vw, 2560px\" \/><\/figure><div class=\"elementor-image-box-content\"><h4 class=\"elementor-image-box-title\">Tadeusz \u0141ach<\/h4><\/div><\/div>\t\t<\/div>\n\t\t\t\t<\/div>\n\t\t\t\t\t<\/div>\n\t\t<\/div>\n\t\t\t\t<div class=\"elementor-column elementor-col-50 elementor-inner-column elementor-element elementor-element-602ba1c4\" data-id=\"602ba1c4\" data-element_type=\"column\">\n\t\t\t<div class=\"elementor-widget-wrap elementor-element-populated\">\n\t\t\t\t\t\t\t\t<div class=\"elementor-element elementor-element-4f44cb1c elementor-position-top elementor-vertical-align-top elementor-widget elementor-widget-image-box\" data-id=\"4f44cb1c\" data-element_type=\"widget\" data-widget_type=\"image-box.default\">\n\t\t\t\t<div class=\"elementor-widget-container\">\n\t\t\t<div class=\"elementor-image-box-wrapper\"><figure class=\"elementor-image-box-img\"><img decoding=\"async\" width=\"1920\" height=\"2560\" src=\"http:\/\/www.energymakers.pl\/wp-content\/uploads\/2024\/12\/IMG_20240925_122800-scaled.jpg\" class=\"elementor-animation-grow attachment-full size-full wp-image-385\" alt=\"\" loading=\"lazy\" style=\"width:100%;height:133.33%;max-width:1920px\" srcset=\"http:\/\/www.energymakers.pl\/wp-content\/uploads\/2024\/12\/IMG_20240925_122800-scaled.jpg 1920w, http:\/\/www.energymakers.pl\/wp-content\/uploads\/2024\/12\/IMG_20240925_122800-225x300.jpg 225w, http:\/\/www.energymakers.pl\/wp-content\/uploads\/2024\/12\/IMG_20240925_122800-768x1024.jpg 768w, http:\/\/www.energymakers.pl\/wp-content\/uploads\/2024\/12\/IMG_20240925_122800-1152x1536.jpg 1152w, http:\/\/www.energymakers.pl\/wp-content\/uploads\/2024\/12\/IMG_20240925_122800-1536x2048.jpg 1536w, http:\/\/www.energymakers.pl\/wp-content\/uploads\/2024\/12\/IMG_20240925_122800-1568x2091.jpg 1568w\" sizes=\"(max-width: 1920px) 100vw, 1920px\" \/><\/figure><div class=\"elementor-image-box-content\"><h4 class=\"elementor-image-box-title\">Robert Bugla<\/h4><\/div><\/div>\t\t<\/div>\n\t\t\t\t<\/div>\n\t\t\t\t\t<\/div>\n\t\t<\/div>\n\t\t\t\t\t\t\t<\/div>\n\t\t<\/section>\n\t\t\t\t\t<\/div>\n\t\t<\/div>\n\t\t\t\t\t\t\t<\/div>\n\t\t<\/section>\n\t\t\t\t<section class=\"elementor-section elementor-top-section elementor-element elementor-element-697257f3 elementor-section-height-min-height elementor-section-items-stretch elementor-section-content-middle elementor-section-boxed elementor-section-height-default\" data-id=\"697257f3\" data-element_type=\"section\">\n\t\t\t\t\t\t<div class=\"elementor-container elementor-column-gap-no\">\n\t\t\t\t\t<div class=\"elementor-column elementor-col-50 elementor-top-column elementor-element elementor-element-7f459f17\" data-id=\"7f459f17\" data-element_type=\"column\">\n\t\t\t<div class=\"elementor-widget-wrap elementor-element-populated\">\n\t\t\t\t\t\t\t\t\t<\/div>\n\t\t<\/div>\n\t\t\t\t<div class=\"elementor-column elementor-col-50 elementor-top-column elementor-element elementor-element-2372ecc9\" data-id=\"2372ecc9\" data-element_type=\"column\">\n\t\t\t<div class=\"elementor-widget-wrap elementor-element-populated\">\n\t\t\t\t\t\t\t\t<div class=\"elementor-element elementor-element-5d5ecc5 elementor-widget elementor-widget-google_maps\" data-id=\"5d5ecc5\" data-element_type=\"widget\" data-widget_type=\"google_maps.default\">\n\t\t\t\t<div class=\"elementor-widget-container\">\n\t\t\t<style>\/*! elementor - v3.10.2 - 29-01-2023 *\/\n.elementor-widget-google_maps .elementor-widget-container{overflow:hidden}.elementor-widget-google_maps iframe{height:300px}<\/style>\t\t<div class=\"elementor-custom-embed\">\n\t\t\t<iframe loading=\"lazy\"\n\t\t\t\t\tsrc=\"https:\/\/maps.google.com\/maps?q=Raciborska%20414c%2C%20Rydu%C5%82towy&#038;t=m&#038;z=15&#038;output=embed&#038;iwloc=near\"\n\t\t\t\t\ttitle=\"Raciborska 414c, Rydu\u0142towy\"\n\t\t\t\t\taria-label=\"Raciborska 414c, Rydu\u0142towy\"\n\t\t\t><\/iframe>\n\t\t<\/div>\n\t\t\t\t<\/div>\n\t\t\t\t<\/div>\n\t\t\t\t\t<\/div>\n\t\t<\/div>\n\t\t\t\t\t\t\t<\/div>\n\t\t<\/section>\n\t\t\t\t\t\t\t<\/div>\n\t\t","protected":false},"excerpt":{"rendered":"<p>O nas Firma Energy Makers powsta\u0142a w 2020 roku jako odpowied\u017a na rosn\u0105ce zainteresowanie instalacjami OZE, chocia\u017c nasza przygoda zacz\u0119\u0142a si\u0119 du\u017co wcze\u015bniej&#8230; Nasza misja D\u0105\u017cymy do zapewnienia komfortu mieszkania pocz\u0105wszy od instalacji elektrycznej poprzez ogrzewanie a\u017c po bezpiecze\u0144stwo i zdalne zarz\u0105dzanie budynkiem. Our Team Tadeusz \u0141ach Robert Bugla<\/p>\n","protected":false},"author":1,"featured_media":34,"parent":0,"menu_order":0,"comment_status":"closed","ping_status":"closed","template":"elementor_header_footer","meta":[],"_links":{"self":[{"href":"http:\/\/www.energymakers.pl\/index.php\/wp-json\/wp\/v2\/pages\/28"}],"collection":[{"href":"http:\/\/www.energymakers.pl\/index.php\/wp-json\/wp\/v2\/pages"}],"about":[{"href":"http:\/\/www.energymakers.pl\/index.php\/wp-json\/wp\/v2\/types\/page"}],"author":[{"embeddable":true,"href":"http:\/\/www.energymakers.pl\/index.php\/wp-json\/wp\/v2\/users\/1"}],"replies":[{"embeddable":true,"href":"http:\/\/www.energymakers.pl\/index.php\/wp-json\/wp\/v2\/comments?post=28"}],"version-history":[{"count":28,"href":"http:\/\/www.energymakers.pl\/index.php\/wp-json\/wp\/v2\/pages\/28\/revisions"}],"predecessor-version":[{"id":388,"href":"http:\/\/www.energymakers.pl\/index.php\/wp-json\/wp\/v2\/pages\/28\/revisions\/388"}],"wp:featuredmedia":[{"embeddable":true,"href":"http:\/\/www.energymakers.pl\/index.php\/wp-json\/wp\/v2\/media\/34"}],"wp:attachment":[{"href":"http:\/\/www.energymakers.pl\/index.php\/wp-json\/wp\/v2\/media?parent=28"}],"curies":[{"name":"wp","href":"https:\/\/api.w.org\/{rel}","templated":true}]}}