{"id":9,"date":"2023-01-30T19:26:24","date_gmt":"2023-01-30T19:26:24","guid":{"rendered":"http:\/\/www.energymakers.pl\/index.php\/gallery\/"},"modified":"2024-12-08T16:39:14","modified_gmt":"2024-12-08T16:39:14","slug":"gallery","status":"publish","type":"page","link":"http:\/\/www.energymakers.pl\/index.php\/gallery\/","title":{"rendered":"Gallery"},"content":{"rendered":"\t\t<div data-elementor-type=\"wp-page\" data-elementor-id=\"9\" class=\"elementor elementor-9\">\n\t\t\t\t\t\t\t\t\t<section class=\"elementor-section elementor-top-section elementor-element elementor-element-52a7b830 elementor-section-boxed elementor-section-height-default elementor-section-height-default\" data-id=\"52a7b830\" data-element_type=\"section\">\n\t\t\t\t\t\t<div class=\"elementor-container elementor-column-gap-no\">\n\t\t\t\t\t<div class=\"elementor-column elementor-col-100 elementor-top-column elementor-element elementor-element-729e9d1\" data-id=\"729e9d1\" data-element_type=\"column\">\n\t\t\t<div class=\"elementor-widget-wrap elementor-element-populated\">\n\t\t\t\t\t\t\t\t<div class=\"elementor-element elementor-element-40557605 elementor-widget elementor-widget-heading\" data-id=\"40557605\" data-element_type=\"widget\" data-widget_type=\"heading.default\">\n\t\t\t\t<div class=\"elementor-widget-container\">\n\t\t\t<style>\/*! elementor - v3.10.2 - 29-01-2023 *\/\n.elementor-heading-title{padding:0;margin:0;line-height:1}.elementor-widget-heading .elementor-heading-title[class*=elementor-size-]>a{color:inherit;font-size:inherit;line-height:inherit}.elementor-widget-heading .elementor-heading-title.elementor-size-small{font-size:15px}.elementor-widget-heading .elementor-heading-title.elementor-size-medium{font-size:19px}.elementor-widget-heading .elementor-heading-title.elementor-size-large{font-size:29px}.elementor-widget-heading .elementor-heading-title.elementor-size-xl{font-size:39px}.elementor-widget-heading .elementor-heading-title.elementor-size-xxl{font-size:59px}<\/style><h1 class=\"elementor-heading-title elementor-size-default\">Galeria Realizacji<\/h1>\t\t<\/div>\n\t\t\t\t<\/div>\n\t\t\t\t<div class=\"elementor-element elementor-element-1599fe12 elementor-widget elementor-widget-text-editor\" data-id=\"1599fe12\" data-element_type=\"widget\" data-widget_type=\"text-editor.default\">\n\t\t\t\t<div class=\"elementor-widget-container\">\n\t\t\t<style>\/*! elementor - v3.10.2 - 29-01-2023 *\/\n.elementor-widget-text-editor.elementor-drop-cap-view-stacked .elementor-drop-cap{background-color:#818a91;color:#fff}.elementor-widget-text-editor.elementor-drop-cap-view-framed .elementor-drop-cap{color:#818a91;border:3px solid;background-color:transparent}.elementor-widget-text-editor:not(.elementor-drop-cap-view-default) .elementor-drop-cap{margin-top:8px}.elementor-widget-text-editor:not(.elementor-drop-cap-view-default) .elementor-drop-cap-letter{width:1em;height:1em}.elementor-widget-text-editor .elementor-drop-cap{float:left;text-align:center;line-height:1;font-size:50px}.elementor-widget-text-editor .elementor-drop-cap-letter{display:inline-block}<\/style>\t\t\t\t\t\t\t\t\t\t<\/div>\n\t\t\t\t<\/div>\n\t\t\t\t<div class=\"elementor-element elementor-element-6ca88508 gallery-spacing-custom elementor-widget elementor-widget-image-gallery\" data-id=\"6ca88508\" data-element_type=\"widget\" data-widget_type=\"image-gallery.default\">\n\t\t\t\t<div class=\"elementor-widget-container\">\n\t\t\t<style>.elementor-image-gallery .gallery-item{display:inline-block;text-align:center;vertical-align:top;width:100%;max-width:100%;margin:0 auto}.elementor-image-gallery .gallery-item img{margin:0 auto}.elementor-image-gallery .gallery-item .gallery-caption{margin:0}.elementor-image-gallery figure img{display:block}.elementor-image-gallery figure figcaption{width:100%}.gallery-spacing-custom .elementor-image-gallery .gallery-icon{padding:0}@media (min-width:721px){.elementor-image-gallery .gallery-columns-2 .gallery-item{max-width:50%}.elementor-image-gallery .gallery-columns-3 .gallery-item{max-width:33.33%}.elementor-image-gallery .gallery-columns-4 .gallery-item{max-width:25%}.elementor-image-gallery .gallery-columns-5 .gallery-item{max-width:20%}.elementor-image-gallery .gallery-columns-6 .gallery-item{max-width:16.666%}.elementor-image-gallery .gallery-columns-7 .gallery-item{max-width:14.28%}.elementor-image-gallery .gallery-columns-8 .gallery-item{max-width:12.5%}.elementor-image-gallery .gallery-columns-9 .gallery-item{max-width:11.11%}.elementor-image-gallery .gallery-columns-10 .gallery-item{max-width:10%}}@media (min-width:480px) and (max-width:720px){.elementor-image-gallery .gallery.gallery-columns-2 .gallery-item,.elementor-image-gallery .gallery.gallery-columns-3 .gallery-item,.elementor-image-gallery .gallery.gallery-columns-4 .gallery-item,.elementor-image-gallery .gallery.gallery-columns-5 .gallery-item,.elementor-image-gallery .gallery.gallery-columns-6 .gallery-item,.elementor-image-gallery .gallery.gallery-columns-7 .gallery-item,.elementor-image-gallery .gallery.gallery-columns-8 .gallery-item,.elementor-image-gallery .gallery.gallery-columns-9 .gallery-item,.elementor-image-gallery .gallery.gallery-columns-10 .gallery-item{max-width:50%}}@media (max-width:479px){.elementor-image-gallery .gallery.gallery-columns-2 .gallery-item,.elementor-image-gallery .gallery.gallery-columns-3 .gallery-item,.elementor-image-gallery .gallery.gallery-columns-4 .gallery-item,.elementor-image-gallery .gallery.gallery-columns-5 .gallery-item,.elementor-image-gallery .gallery.gallery-columns-6 .gallery-item,.elementor-image-gallery .gallery.gallery-columns-7 .gallery-item,.elementor-image-gallery .gallery.gallery-columns-8 .gallery-item,.elementor-image-gallery .gallery.gallery-columns-9 .gallery-item,.elementor-image-gallery .gallery.gallery-columns-10 .gallery-item{max-width:100%}}<\/style>\t\t<div class=\"elementor-image-gallery\">\n\t\t\t<div id='gallery-1' class='gallery galleryid-9 gallery-columns-2 gallery-size-full'><figure class='gallery-item'>\n\t\t\t<div class='gallery-icon landscape'>\n\t\t\t\t<img width=\"2560\" height=\"1922\" src=\"http:\/\/www.energymakers.pl\/wp-content\/uploads\/2024\/12\/IMG_20240830_144219-scaled.jpg\" class=\"attachment-full size-full\" alt=\"\" decoding=\"async\" loading=\"lazy\" aria-describedby=\"gallery-1-375\" srcset=\"http:\/\/www.energymakers.pl\/wp-content\/uploads\/2024\/12\/IMG_20240830_144219-scaled.jpg 2560w, http:\/\/www.energymakers.pl\/wp-content\/uploads\/2024\/12\/IMG_20240830_144219-300x225.jpg 300w, http:\/\/www.energymakers.pl\/wp-content\/uploads\/2024\/12\/IMG_20240830_144219-1024x769.jpg 1024w, http:\/\/www.energymakers.pl\/wp-content\/uploads\/2024\/12\/IMG_20240830_144219-768x577.jpg 768w, http:\/\/www.energymakers.pl\/wp-content\/uploads\/2024\/12\/IMG_20240830_144219-1536x1153.jpg 1536w, http:\/\/www.energymakers.pl\/wp-content\/uploads\/2024\/12\/IMG_20240830_144219-2048x1538.jpg 2048w, http:\/\/www.energymakers.pl\/wp-content\/uploads\/2024\/12\/IMG_20240830_144219-1568x1177.jpg 1568w\" sizes=\"(max-width: 2560px) 100vw, 2560px\" style=\"width:100%;height:75.08%;max-width:2560px;\" \/>\n\t\t\t<\/div>\n\t\t\t\t<figcaption class='wp-caption-text gallery-caption' id='gallery-1-375'>\n\t\t\t\tRydu\u0142towy 9,6kWp\n\t\t\t\t<\/figcaption><\/figure><figure class='gallery-item'>\n\t\t\t<div class='gallery-icon landscape'>\n\t\t\t\t<img width=\"2560\" height=\"1440\" src=\"http:\/\/www.energymakers.pl\/wp-content\/uploads\/2024\/12\/dji_fly_20240622_132440_89_1719055765400_photo_optimized-scaled.jpg\" class=\"attachment-full size-full\" alt=\"\" decoding=\"async\" loading=\"lazy\" aria-describedby=\"gallery-1-368\" srcset=\"http:\/\/www.energymakers.pl\/wp-content\/uploads\/2024\/12\/dji_fly_20240622_132440_89_1719055765400_photo_optimized-scaled.jpg 2560w, http:\/\/www.energymakers.pl\/wp-content\/uploads\/2024\/12\/dji_fly_20240622_132440_89_1719055765400_photo_optimized-300x169.jpg 300w, http:\/\/www.energymakers.pl\/wp-content\/uploads\/2024\/12\/dji_fly_20240622_132440_89_1719055765400_photo_optimized-1024x576.jpg 1024w, http:\/\/www.energymakers.pl\/wp-content\/uploads\/2024\/12\/dji_fly_20240622_132440_89_1719055765400_photo_optimized-768x432.jpg 768w, http:\/\/www.energymakers.pl\/wp-content\/uploads\/2024\/12\/dji_fly_20240622_132440_89_1719055765400_photo_optimized-1536x864.jpg 1536w, http:\/\/www.energymakers.pl\/wp-content\/uploads\/2024\/12\/dji_fly_20240622_132440_89_1719055765400_photo_optimized-2048x1152.jpg 2048w, http:\/\/www.energymakers.pl\/wp-content\/uploads\/2024\/12\/dji_fly_20240622_132440_89_1719055765400_photo_optimized-1568x882.jpg 1568w\" sizes=\"(max-width: 2560px) 100vw, 2560px\" style=\"width:100%;height:56.25%;max-width:2560px;\" \/>\n\t\t\t<\/div>\n\t\t\t\t<figcaption class='wp-caption-text gallery-caption' id='gallery-1-368'>\n\t\t\t\tRadlin 16,6kWp\n\t\t\t\t<\/figcaption><\/figure><figure class='gallery-item'>\n\t\t\t<div class='gallery-icon landscape'>\n\t\t\t\t<img width=\"2560\" height=\"1440\" src=\"http:\/\/www.energymakers.pl\/wp-content\/uploads\/2024\/12\/dji_fly_20240921_180434_199_1726934827877_photo_optimized-scaled.jpg\" class=\"attachment-full size-full\" alt=\"\" decoding=\"async\" loading=\"lazy\" aria-describedby=\"gallery-1-365\" srcset=\"http:\/\/www.energymakers.pl\/wp-content\/uploads\/2024\/12\/dji_fly_20240921_180434_199_1726934827877_photo_optimized-scaled.jpg 2560w, http:\/\/www.energymakers.pl\/wp-content\/uploads\/2024\/12\/dji_fly_20240921_180434_199_1726934827877_photo_optimized-300x169.jpg 300w, http:\/\/www.energymakers.pl\/wp-content\/uploads\/2024\/12\/dji_fly_20240921_180434_199_1726934827877_photo_optimized-1024x576.jpg 1024w, http:\/\/www.energymakers.pl\/wp-content\/uploads\/2024\/12\/dji_fly_20240921_180434_199_1726934827877_photo_optimized-768x432.jpg 768w, http:\/\/www.energymakers.pl\/wp-content\/uploads\/2024\/12\/dji_fly_20240921_180434_199_1726934827877_photo_optimized-1536x864.jpg 1536w, http:\/\/www.energymakers.pl\/wp-content\/uploads\/2024\/12\/dji_fly_20240921_180434_199_1726934827877_photo_optimized-2048x1152.jpg 2048w, http:\/\/www.energymakers.pl\/wp-content\/uploads\/2024\/12\/dji_fly_20240921_180434_199_1726934827877_photo_optimized-1568x882.jpg 1568w\" sizes=\"(max-width: 2560px) 100vw, 2560px\" style=\"width:100%;height:56.25%;max-width:2560px;\" \/>\n\t\t\t<\/div>\n\t\t\t\t<figcaption class='wp-caption-text gallery-caption' id='gallery-1-365'>\n\t\t\t\tRydu\u0142towy 18,2kWp\n\t\t\t\t<\/figcaption><\/figure><figure class='gallery-item'>\n\t\t\t<div class='gallery-icon landscape'>\n\t\t\t\t<img width=\"2560\" height=\"1440\" src=\"http:\/\/www.energymakers.pl\/wp-content\/uploads\/2023\/01\/Gorzyce-74-scaled.jpg\" class=\"attachment-full size-full\" alt=\"\" decoding=\"async\" loading=\"lazy\" aria-describedby=\"gallery-1-184\" srcset=\"http:\/\/www.energymakers.pl\/wp-content\/uploads\/2023\/01\/Gorzyce-74-scaled.jpg 2560w, http:\/\/www.energymakers.pl\/wp-content\/uploads\/2023\/01\/Gorzyce-74-300x169.jpg 300w, http:\/\/www.energymakers.pl\/wp-content\/uploads\/2023\/01\/Gorzyce-74-1024x576.jpg 1024w, http:\/\/www.energymakers.pl\/wp-content\/uploads\/2023\/01\/Gorzyce-74-768x432.jpg 768w, http:\/\/www.energymakers.pl\/wp-content\/uploads\/2023\/01\/Gorzyce-74-1536x864.jpg 1536w, http:\/\/www.energymakers.pl\/wp-content\/uploads\/2023\/01\/Gorzyce-74-2048x1152.jpg 2048w, http:\/\/www.energymakers.pl\/wp-content\/uploads\/2023\/01\/Gorzyce-74-1568x882.jpg 1568w\" sizes=\"(max-width: 2560px) 100vw, 2560px\" style=\"width:100%;height:56.25%;max-width:2560px;\" \/>\n\t\t\t<\/div>\n\t\t\t\t<figcaption class='wp-caption-text gallery-caption' id='gallery-1-184'>\n\t\t\t\tGorzyce 7,4kWp\n\t\t\t\t<\/figcaption><\/figure><figure class='gallery-item'>\n\t\t\t<div class='gallery-icon landscape'>\n\t\t\t\t<img width=\"2560\" height=\"1440\" src=\"http:\/\/www.energymakers.pl\/wp-content\/uploads\/2023\/01\/Jastrzebie-64-scaled.jpg\" class=\"attachment-full size-full\" alt=\"\" decoding=\"async\" loading=\"lazy\" aria-describedby=\"gallery-1-185\" srcset=\"http:\/\/www.energymakers.pl\/wp-content\/uploads\/2023\/01\/Jastrzebie-64-scaled.jpg 2560w, http:\/\/www.energymakers.pl\/wp-content\/uploads\/2023\/01\/Jastrzebie-64-300x169.jpg 300w, http:\/\/www.energymakers.pl\/wp-content\/uploads\/2023\/01\/Jastrzebie-64-1024x576.jpg 1024w, http:\/\/www.energymakers.pl\/wp-content\/uploads\/2023\/01\/Jastrzebie-64-768x432.jpg 768w, http:\/\/www.energymakers.pl\/wp-content\/uploads\/2023\/01\/Jastrzebie-64-1536x864.jpg 1536w, http:\/\/www.energymakers.pl\/wp-content\/uploads\/2023\/01\/Jastrzebie-64-2048x1152.jpg 2048w, http:\/\/www.energymakers.pl\/wp-content\/uploads\/2023\/01\/Jastrzebie-64-1568x882.jpg 1568w\" sizes=\"(max-width: 2560px) 100vw, 2560px\" style=\"width:100%;height:56.25%;max-width:2560px;\" \/>\n\t\t\t<\/div>\n\t\t\t\t<figcaption class='wp-caption-text gallery-caption' id='gallery-1-185'>\n\t\t\t\tJastrz\u0119bie Zdr\u00f3j 6,27kWp\n\t\t\t\t<\/figcaption><\/figure><figure class='gallery-item'>\n\t\t\t<div class='gallery-icon landscape'>\n\t\t\t\t<img width=\"2560\" height=\"1440\" src=\"http:\/\/www.energymakers.pl\/wp-content\/uploads\/2023\/01\/rydultowy-48-scaled.jpg\" class=\"attachment-full size-full\" alt=\"\" decoding=\"async\" loading=\"lazy\" aria-describedby=\"gallery-1-186\" srcset=\"http:\/\/www.energymakers.pl\/wp-content\/uploads\/2023\/01\/rydultowy-48-scaled.jpg 2560w, http:\/\/www.energymakers.pl\/wp-content\/uploads\/2023\/01\/rydultowy-48-300x169.jpg 300w, http:\/\/www.energymakers.pl\/wp-content\/uploads\/2023\/01\/rydultowy-48-1024x576.jpg 1024w, http:\/\/www.energymakers.pl\/wp-content\/uploads\/2023\/01\/rydultowy-48-768x432.jpg 768w, http:\/\/www.energymakers.pl\/wp-content\/uploads\/2023\/01\/rydultowy-48-1536x864.jpg 1536w, http:\/\/www.energymakers.pl\/wp-content\/uploads\/2023\/01\/rydultowy-48-2048x1152.jpg 2048w, http:\/\/www.energymakers.pl\/wp-content\/uploads\/2023\/01\/rydultowy-48-1568x882.jpg 1568w\" sizes=\"(max-width: 2560px) 100vw, 2560px\" style=\"width:100%;height:56.25%;max-width:2560px;\" \/>\n\t\t\t<\/div>\n\t\t\t\t<figcaption class='wp-caption-text gallery-caption' id='gallery-1-186'>\n\t\t\t\tRydu\u0142towy 4,8kWp\n\t\t\t\t<\/figcaption><\/figure><figure class='gallery-item'>\n\t\t\t<div class='gallery-icon landscape'>\n\t\t\t\t<img width=\"2560\" height=\"1440\" src=\"http:\/\/www.energymakers.pl\/wp-content\/uploads\/2023\/01\/Rydultowy-82-scaled.jpg\" class=\"attachment-full size-full\" alt=\"\" decoding=\"async\" loading=\"lazy\" aria-describedby=\"gallery-1-187\" srcset=\"http:\/\/www.energymakers.pl\/wp-content\/uploads\/2023\/01\/Rydultowy-82-scaled.jpg 2560w, http:\/\/www.energymakers.pl\/wp-content\/uploads\/2023\/01\/Rydultowy-82-300x169.jpg 300w, http:\/\/www.energymakers.pl\/wp-content\/uploads\/2023\/01\/Rydultowy-82-1024x576.jpg 1024w, http:\/\/www.energymakers.pl\/wp-content\/uploads\/2023\/01\/Rydultowy-82-768x432.jpg 768w, http:\/\/www.energymakers.pl\/wp-content\/uploads\/2023\/01\/Rydultowy-82-1536x864.jpg 1536w, http:\/\/www.energymakers.pl\/wp-content\/uploads\/2023\/01\/Rydultowy-82-2048x1152.jpg 2048w, http:\/\/www.energymakers.pl\/wp-content\/uploads\/2023\/01\/Rydultowy-82-1568x882.jpg 1568w\" sizes=\"(max-width: 2560px) 100vw, 2560px\" style=\"width:100%;height:56.25%;max-width:2560px;\" \/>\n\t\t\t<\/div>\n\t\t\t\t<figcaption class='wp-caption-text gallery-caption' id='gallery-1-187'>\n\t\t\t\tRydu\u0142towy 8,3kWp\n\t\t\t\t<\/figcaption><\/figure><figure class='gallery-item'>\n\t\t\t<div class='gallery-icon landscape'>\n\t\t\t\t<img width=\"2560\" height=\"1440\" src=\"http:\/\/www.energymakers.pl\/wp-content\/uploads\/2023\/01\/Wodzislaw-96-scaled.jpg\" class=\"attachment-full size-full\" alt=\"\" decoding=\"async\" loading=\"lazy\" aria-describedby=\"gallery-1-188\" srcset=\"http:\/\/www.energymakers.pl\/wp-content\/uploads\/2023\/01\/Wodzislaw-96-scaled.jpg 2560w, http:\/\/www.energymakers.pl\/wp-content\/uploads\/2023\/01\/Wodzislaw-96-300x169.jpg 300w, http:\/\/www.energymakers.pl\/wp-content\/uploads\/2023\/01\/Wodzislaw-96-1024x576.jpg 1024w, http:\/\/www.energymakers.pl\/wp-content\/uploads\/2023\/01\/Wodzislaw-96-768x432.jpg 768w, http:\/\/www.energymakers.pl\/wp-content\/uploads\/2023\/01\/Wodzislaw-96-1536x864.jpg 1536w, http:\/\/www.energymakers.pl\/wp-content\/uploads\/2023\/01\/Wodzislaw-96-2048x1152.jpg 2048w, http:\/\/www.energymakers.pl\/wp-content\/uploads\/2023\/01\/Wodzislaw-96-1568x882.jpg 1568w\" sizes=\"(max-width: 2560px) 100vw, 2560px\" style=\"width:100%;height:56.25%;max-width:2560px;\" \/>\n\t\t\t<\/div>\n\t\t\t\t<figcaption class='wp-caption-text gallery-caption' id='gallery-1-188'>\n\t\t\t\tWodzis\u0142aw \u015al\u0105ski 9,6kWp\n\t\t\t\t<\/figcaption><\/figure><figure class='gallery-item'>\n\t\t\t<div class='gallery-icon landscape'>\n\t\t\t\t<img width=\"2000\" height=\"1500\" src=\"http:\/\/www.energymakers.pl\/wp-content\/uploads\/2024\/12\/IMG-20230908-WA00231.jpg\" class=\"attachment-full size-full\" alt=\"\" decoding=\"async\" loading=\"lazy\" aria-describedby=\"gallery-1-390\" srcset=\"http:\/\/www.energymakers.pl\/wp-content\/uploads\/2024\/12\/IMG-20230908-WA00231.jpg 2000w, http:\/\/www.energymakers.pl\/wp-content\/uploads\/2024\/12\/IMG-20230908-WA00231-300x225.jpg 300w, http:\/\/www.energymakers.pl\/wp-content\/uploads\/2024\/12\/IMG-20230908-WA00231-1024x768.jpg 1024w, http:\/\/www.energymakers.pl\/wp-content\/uploads\/2024\/12\/IMG-20230908-WA00231-768x576.jpg 768w, http:\/\/www.energymakers.pl\/wp-content\/uploads\/2024\/12\/IMG-20230908-WA00231-1536x1152.jpg 1536w, http:\/\/www.energymakers.pl\/wp-content\/uploads\/2024\/12\/IMG-20230908-WA00231-1568x1176.jpg 1568w\" sizes=\"(max-width: 2000px) 100vw, 2000px\" style=\"width:100%;height:75%;max-width:2000px;\" \/>\n\t\t\t<\/div>\n\t\t\t\t<figcaption class='wp-caption-text gallery-caption' id='gallery-1-390'>\n\t\t\t\tKensol 10kW monoblok\n\t\t\t\t<\/figcaption><\/figure><figure class='gallery-item'>\n\t\t\t<div class='gallery-icon landscape'>\n\t\t\t\t<img width=\"2000\" height=\"1500\" src=\"http:\/\/www.energymakers.pl\/wp-content\/uploads\/2024\/12\/IMG-20230908-WA00191.jpg\" class=\"attachment-full size-full\" alt=\"\" decoding=\"async\" loading=\"lazy\" aria-describedby=\"gallery-1-391\" srcset=\"http:\/\/www.energymakers.pl\/wp-content\/uploads\/2024\/12\/IMG-20230908-WA00191.jpg 2000w, http:\/\/www.energymakers.pl\/wp-content\/uploads\/2024\/12\/IMG-20230908-WA00191-300x225.jpg 300w, http:\/\/www.energymakers.pl\/wp-content\/uploads\/2024\/12\/IMG-20230908-WA00191-1024x768.jpg 1024w, http:\/\/www.energymakers.pl\/wp-content\/uploads\/2024\/12\/IMG-20230908-WA00191-768x576.jpg 768w, http:\/\/www.energymakers.pl\/wp-content\/uploads\/2024\/12\/IMG-20230908-WA00191-1536x1152.jpg 1536w, http:\/\/www.energymakers.pl\/wp-content\/uploads\/2024\/12\/IMG-20230908-WA00191-1568x1176.jpg 1568w\" sizes=\"(max-width: 2000px) 100vw, 2000px\" style=\"width:100%;height:75%;max-width:2000px;\" \/>\n\t\t\t<\/div>\n\t\t\t\t<figcaption class='wp-caption-text gallery-caption' id='gallery-1-391'>\n\t\t\t\tKensol Kot\u0142ownia\n\t\t\t\t<\/figcaption><\/figure><figure class='gallery-item'>\n\t\t\t<div class='gallery-icon landscape'>\n\t\t\t\t<img width=\"2560\" height=\"1922\" src=\"http:\/\/www.energymakers.pl\/wp-content\/uploads\/2024\/12\/IMG_20240521_115350-scaled.jpg\" class=\"attachment-full size-full\" alt=\"\" decoding=\"async\" loading=\"lazy\" aria-describedby=\"gallery-1-364\" srcset=\"http:\/\/www.energymakers.pl\/wp-content\/uploads\/2024\/12\/IMG_20240521_115350-scaled.jpg 2560w, http:\/\/www.energymakers.pl\/wp-content\/uploads\/2024\/12\/IMG_20240521_115350-300x225.jpg 300w, http:\/\/www.energymakers.pl\/wp-content\/uploads\/2024\/12\/IMG_20240521_115350-1024x769.jpg 1024w, http:\/\/www.energymakers.pl\/wp-content\/uploads\/2024\/12\/IMG_20240521_115350-768x577.jpg 768w, http:\/\/www.energymakers.pl\/wp-content\/uploads\/2024\/12\/IMG_20240521_115350-1536x1153.jpg 1536w, http:\/\/www.energymakers.pl\/wp-content\/uploads\/2024\/12\/IMG_20240521_115350-2048x1538.jpg 2048w, http:\/\/www.energymakers.pl\/wp-content\/uploads\/2024\/12\/IMG_20240521_115350-1568x1177.jpg 1568w\" sizes=\"(max-width: 2560px) 100vw, 2560px\" style=\"width:100%;height:75.08%;max-width:2560px;\" \/>\n\t\t\t<\/div>\n\t\t\t\t<figcaption class='wp-caption-text gallery-caption' id='gallery-1-364'>\n\t\t\t\tRotenso Ukura 3,5kW\n\t\t\t\t<\/figcaption><\/figure>\n\t\t<\/div>\n\t\t<\/div>\n\t\t\t\t<\/div>\n\t\t\t\t<\/div>\n\t\t\t\t\t<\/div>\n\t\t<\/div>\n\t\t\t\t\t\t\t<\/div>\n\t\t<\/section>\n\t\t\t\t<section class=\"elementor-section elementor-top-section elementor-element elementor-element-5f9b5086 elementor-section-boxed elementor-section-height-default elementor-section-height-default\" data-id=\"5f9b5086\" data-element_type=\"section\">\n\t\t\t\t\t\t<div class=\"elementor-container elementor-column-gap-no\">\n\t\t\t\t\t<div class=\"elementor-column elementor-col-100 elementor-top-column elementor-element elementor-element-2955b642\" data-id=\"2955b642\" data-element_type=\"column\">\n\t\t\t<div class=\"elementor-widget-wrap elementor-element-populated\">\n\t\t\t\t\t\t\t\t<div class=\"elementor-element elementor-element-707dff86 elementor-widget elementor-widget-heading\" data-id=\"707dff86\" data-element_type=\"widget\" data-widget_type=\"heading.default\">\n\t\t\t\t<div class=\"elementor-widget-container\">\n\t\t\t<h2 class=\"elementor-heading-title elementor-size-default\">Jeste\u015b zainteresowany?\nSkontaktuj si\u0119 z nami !<\/h2>\t\t<\/div>\n\t\t\t\t<\/div>\n\t\t\t\t<div class=\"elementor-element elementor-element-443f1fdc elementor-align-center elementor-invisible elementor-widget elementor-widget-button\" data-id=\"443f1fdc\" data-element_type=\"widget\" data-settings=\"{&quot;_animation&quot;:&quot;fadeInDown&quot;}\" data-widget_type=\"button.default\">\n\t\t\t\t<div class=\"elementor-widget-container\">\n\t\t\t\t\t<div class=\"elementor-button-wrapper\">\n\t\t\t<a href=\"http:\/\/www.energymakers.pl\/index.php\/where-to-buy\/\" class=\"elementor-button-link elementor-button elementor-size-sm\" role=\"button\">\n\t\t\t\t\t\t<span class=\"elementor-button-content-wrapper\">\n\t\t\t\t\t\t<span class=\"elementor-button-text\">Kontakt<\/span>\n\t\t<\/span>\n\t\t\t\t\t<\/a>\n\t\t<\/div>\n\t\t\t\t<\/div>\n\t\t\t\t<\/div>\n\t\t\t\t\t<\/div>\n\t\t<\/div>\n\t\t\t\t\t\t\t<\/div>\n\t\t<\/section>\n\t\t\t\t\t\t\t<\/div>\n\t\t","protected":false},"excerpt":{"rendered":"<p>Galeria Realizacji Rydu\u0142towy 9,6kWp Radlin 16,6kWp Rydu\u0142towy 18,2kWp Gorzyce 7,4kWp Jastrz\u0119bie Zdr\u00f3j 6,27kWp Rydu\u0142towy 4,8kWp Rydu\u0142towy 8,3kWp Wodzis\u0142aw \u015al\u0105ski 9,6kWp Kensol 10kW monoblok Kensol Kot\u0142ownia Rotenso Ukura 3,5kW Jeste\u015b zainteresowany? Skontaktuj si\u0119 z nami ! Kontakt<\/p>\n","protected":false},"author":1,"featured_media":20,"parent":0,"menu_order":0,"comment_status":"closed","ping_status":"closed","template":"elementor_header_footer","meta":[],"_links":{"self":[{"href":"http:\/\/www.energymakers.pl\/index.php\/wp-json\/wp\/v2\/pages\/9"}],"collection":[{"href":"http:\/\/www.energymakers.pl\/index.php\/wp-json\/wp\/v2\/pages"}],"about":[{"href":"http:\/\/www.energymakers.pl\/index.php\/wp-json\/wp\/v2\/types\/page"}],"author":[{"embeddable":true,"href":"http:\/\/www.energymakers.pl\/index.php\/wp-json\/wp\/v2\/users\/1"}],"replies":[{"embeddable":true,"href":"http:\/\/www.energymakers.pl\/index.php\/wp-json\/wp\/v2\/comments?post=9"}],"version-history":[{"count":21,"href":"http:\/\/www.energymakers.pl\/index.php\/wp-json\/wp\/v2\/pages\/9\/revisions"}],"predecessor-version":[{"id":397,"href":"http:\/\/www.energymakers.pl\/index.php\/wp-json\/wp\/v2\/pages\/9\/revisions\/397"}],"wp:featuredmedia":[{"embeddable":true,"href":"http:\/\/www.energymakers.pl\/index.php\/wp-json\/wp\/v2\/media\/20"}],"wp:attachment":[{"href":"http:\/\/www.energymakers.pl\/index.php\/wp-json\/wp\/v2\/media?parent=9"}],"curies":[{"name":"wp","href":"https:\/\/api.w.org\/{rel}","templated":true}]}}